{"id":2,"date":"2023-06-19T06:59:39","date_gmt":"2023-06-19T04:59:39","guid":{"rendered":"http:\/\/orechan.fr\/?page_id=2"},"modified":"2023-06-19T08:59:03","modified_gmt":"2023-06-19T06:59:03","slug":"page-d-exemple","status":"publish","type":"page","link":"https:\/\/orechan.fr\/index.php\/page-d-exemple\/","title":{"rendered":"Pr\u00e9sentation"},"content":{"rendered":"\n<p>Site internet d\u00e9di\u00e9 \u00e0 un voyage de 7 mois dont 3 mois de cours de Japonais \u00e0 Tokyo.<\/p>\n\n\n\n<p>Je n\u2019ai pas envie de m\u2019\u00e9taler sur moi dans cette partie, le but \u00e9tant de partager mon voyage. Vous pouvez commenter les articles en ligne si vous le souhaitez. Bien \u00e9videmment, dans le respect de tous. <br><br>Bonne lecture. <\/p>\n\n\n\n<p><\/p>\n","protected":false},"excerpt":{"rendered":"<p>Site internet d\u00e9di\u00e9 \u00e0 un voyage de 7 mois dont 3 mois de cours de Japonais \u00e0 Tokyo. Je n\u2019ai pas envie de m\u2019\u00e9taler sur moi dans cette partie, le but \u00e9tant de partager mon &hellip; <\/p>\n","protected":false},"author":1,"featured_media":0,"parent":0,"menu_order":0,"comment_status":"closed","ping_status":"open","template":"","meta":{"footnotes":""},"class_list":["post-2","page","type-page","status-publish","hentry"],"_links":{"self":[{"href":"https:\/\/orechan.fr\/index.php\/wp-json\/wp\/v2\/pages\/2","targetHints":{"allow":["GET"]}}],"collection":[{"href":"https:\/\/orechan.fr\/index.php\/wp-json\/wp\/v2\/pages"}],"about":[{"href":"https:\/\/orechan.fr\/index.php\/wp-json\/wp\/v2\/types\/page"}],"author":[{"embeddable":true,"href":"https:\/\/orechan.fr\/index.php\/wp-json\/wp\/v2\/users\/1"}],"replies":[{"embeddable":true,"href":"https:\/\/orechan.fr\/index.php\/wp-json\/wp\/v2\/comments?post=2"}],"version-history":[{"count":4,"href":"https:\/\/orechan.fr\/index.php\/wp-json\/wp\/v2\/pages\/2\/revisions"}],"predecessor-version":[{"id":41,"href":"https:\/\/orechan.fr\/index.php\/wp-json\/wp\/v2\/pages\/2\/revisions\/41"}],"wp:attachment":[{"href":"https:\/\/orechan.fr\/index.php\/wp-json\/wp\/v2\/media?parent=2"}],"curies":[{"name":"wp","href":"https:\/\/api.w.org\/{rel}","templated":true}]}}